{"id":3370,"date":"2022-05-08T06:45:03","date_gmt":"2022-05-08T06:45:03","guid":{"rendered":"https:\/\/sociedadhispanoalemana.com\/?page_id=3370"},"modified":"2022-05-08T07:43:15","modified_gmt":"2022-05-08T07:43:15","slug":"ciclo-de-cine-aleman-primavera-2022","status":"publish","type":"page","link":"https:\/\/sociedadhispanoalemana.com\/de\/ciclo-de-cine-aleman-primavera-2022","title":{"rendered":"ciclo-de-cine-aleman-primavera-2022"},"content":{"rendered":"<div data-elementor-type=\"wp-page\" data-elementor-id=\"3370\" class=\"elementor elementor-3370\" data-elementor-post-type=\"page\">\n\t\t\t\t\t\t\t\t\t<section class=\"elementor-section elementor-top-section elementor-element elementor-element-55f71df elementor-section-boxed elementor-section-height-default elementor-section-height-default\" data-id=\"55f71df\" data-element_type=\"section\">\n\t\t\t\t\t\t<div class=\"elementor-container elementor-column-gap-default\">\n\t\t\t\t\t<div class=\"elementor-column elementor-col-100 elementor-top-column elementor-element elementor-element-80d724b\" data-id=\"80d724b\" data-element_type=\"column\">\n\t\t\t<div class=\"elementor-widget-wrap elementor-element-populated\">\n\t\t\t\t\t\t\t\t<div class=\"elementor-element elementor-element-911e5a8 elementor-widget elementor-widget-heading\" data-id=\"911e5a8\" data-element_type=\"widget\" data-widget_type=\"heading.default\">\n\t\t\t\t<div class=\"elementor-widget-container\">\n\t\t\t<h2 class=\"elementor-heading-title elementor-size-default\"><section data-id=\"87abfc7\" data-element_type=\"section\" style=\"color: rgb(98, 95, 95); font-family: Montserrat, sans-serif; font-size: 16px; letter-spacing: normal; text-transform: none; white-space: normal;\"><div style=\"font-size: 16px;\"><div style=\"font-size: 16px; width: 1140px;\"><div data-id=\"8c93d4a\" data-element_type=\"column\" style=\"font-size: 16px; width: 1140px;\"><div style=\"font-size: 16px; width: 1140px;\"><div style=\"font-size: 16px; width: 1120px;\"><div data-id=\"8c4dc50\" data-element_type=\"widget\" data-widget_type=\"heading.default\" style=\"font-size: 16px; width: 1120px;\"><div style=\"font-size: 16px;\"><h2 style=\"text-shadow: rgba(0, 0, 0, 0.3) 0px 0px 10px;\">ciclo de cine alem\u00e1n primavera 2022<\/h2><\/div><\/div><\/div><\/div><\/div><\/div><\/div><\/section><\/h2>\t\t<\/div>\n\t\t\t\t<\/div>\n\t\t\t\t\t<\/div>\n\t\t<\/div>\n\t\t\t\t\t\t\t<\/div>\n\t\t<\/section>\n\t\t\t\t<section class=\"elementor-section elementor-top-section elementor-element elementor-element-b046f04 elementor-section-boxed elementor-section-height-default elementor-section-height-default\" data-id=\"b046f04\" data-element_type=\"section\">\n\t\t\t\t\t\t<div class=\"elementor-container elementor-column-gap-default\">\n\t\t\t\t\t<div class=\"elementor-column elementor-col-100 elementor-top-column elementor-element elementor-element-decfad7\" data-id=\"decfad7\" data-element_type=\"column\">\n\t\t\t<div class=\"elementor-widget-wrap elementor-element-populated\">\n\t\t\t\t\t\t\t\t<div class=\"elementor-element elementor-element-c7c9c15 elementor-widget elementor-widget-text-editor\" data-id=\"c7c9c15\" data-element_type=\"widget\" data-widget_type=\"text-editor.default\">\n\t\t\t\t<div class=\"elementor-widget-container\">\n\t\t\t\t\t\t\t<section data-id=\"fec6bdf\" data-element_type=\"section\"><div><div><div data-id=\"4bdcb07\" data-element_type=\"column\"><div><div><div data-id=\"67205c3\" data-element_type=\"widget\" data-widget_type=\"text-editor.default\"><div><div><p>Os invitamos cordialmente a disfrutar de nuestro ciclo de cine primavera 2022. Las selecci\u00f3n de pel\u00edculas actuales y para aptas para todo p\u00fablico se podr\u00e1n disfrutar en la gran pantalla en versi\u00f3n original con subt\u00edtulos en castellano en el auditorio del Civivox Condestable. \/ Wir laden Sie herzlich ein zu unserer Filmreihe im Fr\u00fchjahr 2022. Die Auswahl an aktuellen Filmen und Filmen, die f\u00fcr jedes Publikum geeignet sind, k\u00f6nnen Sie auf der gro\u00dfen Leinwand in der Originalfassung mit spanischen Untertiteln im Civivox Condestable-Auditorium genie\u00dfen.<\/p><\/div><\/div><\/div><\/div><\/div><\/div><\/div><\/div><\/section><section data-id=\"981a6dc\" data-element_type=\"section\"><div><div><div data-id=\"f9bc262\" data-element_type=\"column\"><div><div><div data-id=\"bdbde1b\" data-element_type=\"widget\" data-widget_type=\"image.default\"><div>\u00a0<\/div><\/div><\/div><\/div><\/div><\/div><\/div><\/section>\t\t\t\t\t\t<\/div>\n\t\t\t\t<\/div>\n\t\t\t\t\t<\/div>\n\t\t<\/div>\n\t\t\t\t\t\t\t<\/div>\n\t\t<\/section>\n\t\t\t\t<section class=\"elementor-section elementor-top-section elementor-element elementor-element-dfc8269 elementor-section-boxed elementor-section-height-default elementor-section-height-default\" data-id=\"dfc8269\" data-element_type=\"section\">\n\t\t\t\t\t\t<div class=\"elementor-container elementor-column-gap-default\">\n\t\t\t\t\t<div class=\"elementor-column elementor-col-100 elementor-top-column elementor-element elementor-element-fa39e1d\" data-id=\"fa39e1d\" data-element_type=\"column\">\n\t\t\t<div class=\"elementor-widget-wrap elementor-element-populated\">\n\t\t\t\t\t\t\t\t<div class=\"elementor-element elementor-element-04cfe64 elementor-widget elementor-widget-image\" data-id=\"04cfe64\" data-element_type=\"widget\" data-widget_type=\"image.default\">\n\t\t\t\t<div class=\"elementor-widget-container\">\n\t\t\t\t\t\t\t\t\t\t\t\t\t\t\t<img loading=\"lazy\" decoding=\"async\" width=\"576\" height=\"802\" src=\"https:\/\/sociedadhispanoalemana.com\/wp-content\/uploads\/2022\/05\/2022fil.png\" class=\"attachment-large size-large wp-image-3378\" alt=\"\" srcset=\"https:\/\/sociedadhispanoalemana.com\/wp-content\/uploads\/2022\/05\/2022fil.png 576w, https:\/\/sociedadhispanoalemana.com\/wp-content\/uploads\/2022\/05\/2022fil-215x300.png 215w, https:\/\/sociedadhispanoalemana.com\/wp-content\/uploads\/2022\/05\/2022fil-9x12.png 9w\" sizes=\"auto, (max-width: 576px) 100vw, 576px\" \/>\t\t\t\t\t\t\t\t\t\t\t\t\t\t\t<\/div>\n\t\t\t\t<\/div>\n\t\t\t\t\t<\/div>\n\t\t<\/div>\n\t\t\t\t\t\t\t<\/div>\n\t\t<\/section>\n\t\t\t\t<section class=\"elementor-section elementor-top-section elementor-element elementor-element-34f3dd6 elementor-section-boxed elementor-section-height-default elementor-section-height-default\" data-id=\"34f3dd6\" data-element_type=\"section\">\n\t\t\t\t\t\t<div class=\"elementor-container elementor-column-gap-default\">\n\t\t\t\t\t<div class=\"elementor-column elementor-col-100 elementor-top-column elementor-element elementor-element-2b7e94a\" data-id=\"2b7e94a\" data-element_type=\"column\">\n\t\t\t<div class=\"elementor-widget-wrap elementor-element-populated\">\n\t\t\t\t\t\t\t\t<div class=\"elementor-element elementor-element-b7b1235 elementor-widget elementor-widget-image\" data-id=\"b7b1235\" data-element_type=\"widget\" data-widget_type=\"image.default\">\n\t\t\t\t<div class=\"elementor-widget-container\">\n\t\t\t\t\t\t\t\t\t\t\t\t\t\t\t<img loading=\"lazy\" decoding=\"async\" width=\"582\" height=\"809\" src=\"https:\/\/sociedadhispanoalemana.com\/wp-content\/uploads\/2022\/05\/film2.png\" class=\"attachment-large size-large wp-image-3383\" alt=\"\" srcset=\"https:\/\/sociedadhispanoalemana.com\/wp-content\/uploads\/2022\/05\/film2.png 582w, https:\/\/sociedadhispanoalemana.com\/wp-content\/uploads\/2022\/05\/film2-216x300.png 216w, https:\/\/sociedadhispanoalemana.com\/wp-content\/uploads\/2022\/05\/film2-9x12.png 9w\" sizes=\"auto, (max-width: 582px) 100vw, 582px\" \/>\t\t\t\t\t\t\t\t\t\t\t\t\t\t\t<\/div>\n\t\t\t\t<\/div>\n\t\t\t\t\t<\/div>\n\t\t<\/div>\n\t\t\t\t\t\t\t<\/div>\n\t\t<\/section>\n\t\t\t\t\t\t\t<\/div>","protected":false},"excerpt":{"rendered":"<p>A\u00f1ade aqu\u00ed tu texto ciclo de cine alem\u00e1n primavera 2022 de cabecera<\/p>","protected":false},"author":1,"featured_media":3391,"parent":0,"menu_order":0,"comment_status":"closed","ping_status":"closed","template":"","meta":{"_seopress_robots_primary_cat":"","site-sidebar-layout":"no-sidebar","site-content-layout":"page-builder","ast-site-content-layout":"","site-content-style":"default","site-sidebar-style":"default","ast-global-header-display":"","ast-banner-title-visibility":"","ast-main-header-display":"","ast-hfb-above-header-display":"","ast-hfb-below-header-display":"","ast-hfb-mobile-header-display":"","site-post-title":"disabled","ast-breadcrumbs-content":"","ast-featured-img":"","footer-sml-layout":"","theme-transparent-header-meta":"disabled","adv-header-id-meta":"","stick-header-meta":"","header-above-stick-meta":"","header-main-stick-meta":"","header-below-stick-meta":"","astra-migrate-meta-layouts":"default","ast-page-background-enabled":"default","ast-page-background-meta":{"desktop":{"background-color":"","background-image":"","background-repeat":"repeat","background-position":"center center","background-size":"auto","background-attachment":"scroll","background-type":"","background-media":"","overlay-type":"","overlay-color":"","overlay-opacity":"","overlay-gradient":""},"tablet":{"background-color":"","background-image":"","background-repeat":"repeat","background-position":"center center","background-size":"auto","background-attachment":"scroll","background-type":"","background-media":"","overlay-type":"","overlay-color":"","overlay-opacity":"","overlay-gradient":""},"mobile":{"background-color":"","background-image":"","background-repeat":"repeat","background-position":"center center","background-size":"auto","background-attachment":"scroll","background-type":"","background-media":"","overlay-type":"","overlay-color":"","overlay-opacity":"","overlay-gradient":""}},"ast-content-background-meta":{"desktop":{"background-color":"var(--ast-global-color-5)","background-image":"","background-repeat":"repeat","background-position":"center center","background-size":"auto","background-attachment":"scroll","background-type":"","background-media":"","overlay-type":"","overlay-color":"","overlay-opacity":"","overlay-gradient":""},"tablet":{"background-color":"var(--ast-global-color-5)","background-image":"","background-repeat":"repeat","background-position":"center center","background-size":"auto","background-attachment":"scroll","background-type":"","background-media":"","overlay-type":"","overlay-color":"","overlay-opacity":"","overlay-gradient":""},"mobile":{"background-color":"var(--ast-global-color-5)","background-image":"","background-repeat":"repeat","background-position":"center center","background-size":"auto","background-attachment":"scroll","background-type":"","background-media":"","overlay-type":"","overlay-color":"","overlay-opacity":"","overlay-gradient":""}},"footnotes":""},"class_list":["post-3370","page","type-page","status-publish","has-post-thumbnail","hentry"],"jetpack_sharing_enabled":true,"_links":{"self":[{"href":"https:\/\/sociedadhispanoalemana.com\/de\/wp-json\/wp\/v2\/pages\/3370","targetHints":{"allow":["GET"]}}],"collection":[{"href":"https:\/\/sociedadhispanoalemana.com\/de\/wp-json\/wp\/v2\/pages"}],"about":[{"href":"https:\/\/sociedadhispanoalemana.com\/de\/wp-json\/wp\/v2\/types\/page"}],"author":[{"embeddable":true,"href":"https:\/\/sociedadhispanoalemana.com\/de\/wp-json\/wp\/v2\/users\/1"}],"replies":[{"embeddable":true,"href":"https:\/\/sociedadhispanoalemana.com\/de\/wp-json\/wp\/v2\/comments?post=3370"}],"version-history":[{"count":14,"href":"https:\/\/sociedadhispanoalemana.com\/de\/wp-json\/wp\/v2\/pages\/3370\/revisions"}],"predecessor-version":[{"id":3392,"href":"https:\/\/sociedadhispanoalemana.com\/de\/wp-json\/wp\/v2\/pages\/3370\/revisions\/3392"}],"wp:featuredmedia":[{"embeddable":true,"href":"https:\/\/sociedadhispanoalemana.com\/de\/wp-json\/wp\/v2\/media\/3391"}],"wp:attachment":[{"href":"https:\/\/sociedadhispanoalemana.com\/de\/wp-json\/wp\/v2\/media?parent=3370"}],"curies":[{"name":"wp","href":"https:\/\/api.w.org\/{rel}","templated":true}]}}