{"id":3447,"date":"2022-05-21T07:02:27","date_gmt":"2022-05-21T07:02:27","guid":{"rendered":"https:\/\/sociedadhispanoalemana.com\/?page_id=3447"},"modified":"2025-04-05T08:32:24","modified_gmt":"2025-04-05T08:32:24","slug":"excursion-granja-ilundain","status":"publish","type":"page","link":"https:\/\/sociedadhispanoalemana.com\/de\/excursion-granja-ilundain","title":{"rendered":"Excursi\u00f3n Granja Ilundain"},"content":{"rendered":"<div data-elementor-type=\"wp-page\" data-elementor-id=\"3447\" class=\"elementor elementor-3447\" data-elementor-post-type=\"page\">\n\t\t\t\t\t\t\t\t\t<section class=\"elementor-section elementor-top-section elementor-element elementor-element-989c341 elementor-section-boxed elementor-section-height-default elementor-section-height-default\" data-id=\"989c341\" data-element_type=\"section\" data-settings=\"{&quot;background_background&quot;:&quot;classic&quot;}\">\n\t\t\t\t\t\t\t<div class=\"elementor-background-overlay\"><\/div>\n\t\t\t\t\t\t\t<div class=\"elementor-container elementor-column-gap-default\">\n\t\t\t\t\t<div class=\"elementor-column elementor-col-100 elementor-top-column elementor-element elementor-element-5b31e47c\" data-id=\"5b31e47c\" data-element_type=\"column\">\n\t\t\t<div class=\"elementor-widget-wrap elementor-element-populated\">\n\t\t\t\t\t\t\t\t<div class=\"elementor-element elementor-element-26f659f elementor-widget elementor-widget-heading\" data-id=\"26f659f\" data-element_type=\"widget\" data-widget_type=\"heading.default\">\n\t\t\t\t<div class=\"elementor-widget-container\">\n\t\t\t<h1 class=\"elementor-heading-title elementor-size-default\">EXCURSI\u00d3N GRANJA ILUNDAIN<\/h1>\t\t<\/div>\n\t\t\t\t<\/div>\n\t\t\t\t\t<\/div>\n\t\t<\/div>\n\t\t\t\t\t\t\t<\/div>\n\t\t<\/section>\n\t\t\t\t<section class=\"elementor-section elementor-top-section elementor-element elementor-element-ed5a88f elementor-section-boxed elementor-section-height-default elementor-section-height-default\" data-id=\"ed5a88f\" data-element_type=\"section\">\n\t\t\t\t\t\t<div class=\"elementor-container elementor-column-gap-default\">\n\t\t\t\t\t<div class=\"elementor-column elementor-col-100 elementor-top-column elementor-element elementor-element-c3c2613\" data-id=\"c3c2613\" data-element_type=\"column\">\n\t\t\t<div class=\"elementor-widget-wrap elementor-element-populated\">\n\t\t\t\t\t\t\t\t<div class=\"elementor-element elementor-element-1a904c6 elementor-widget elementor-widget-heading\" data-id=\"1a904c6\" data-element_type=\"widget\" data-widget_type=\"heading.default\">\n\t\t\t\t<div class=\"elementor-widget-container\">\n\t\t\t<h2 class=\"elementor-heading-title elementor-size-default\"><b>En colaboraci\u00f3n con la apyma del colegio paderborn: Visita guiada a la granja ilundain domingo 12 de junio<br><\/b><\/h2>\t\t<\/div>\n\t\t\t\t<\/div>\n\t\t\t\t\t<\/div>\n\t\t<\/div>\n\t\t\t\t\t\t\t<\/div>\n\t\t<\/section>\n\t\t\t\t<section class=\"elementor-section elementor-top-section elementor-element elementor-element-10bb0b86 elementor-reverse-mobile elementor-section-boxed elementor-section-height-default elementor-section-height-default\" data-id=\"10bb0b86\" data-element_type=\"section\">\n\t\t\t\t\t\t<div class=\"elementor-container elementor-column-gap-no\">\n\t\t\t\t\t<div class=\"elementor-column elementor-col-50 elementor-top-column elementor-element elementor-element-1d15ae10\" data-id=\"1d15ae10\" data-element_type=\"column\">\n\t\t\t<div class=\"elementor-widget-wrap elementor-element-populated\">\n\t\t\t\t\t\t\t\t<div class=\"elementor-element elementor-element-1656abff elementor-widget elementor-widget-heading\" data-id=\"1656abff\" data-element_type=\"widget\" data-widget_type=\"heading.default\">\n\t\t\t\t<div class=\"elementor-widget-container\">\n\t\t\t<h2 class=\"elementor-heading-title elementor-size-default\"><b>Para los ni\u00f1@s<\/b><\/h2>\t\t<\/div>\n\t\t\t\t<\/div>\n\t\t\t\t<div class=\"elementor-element elementor-element-63259dda elementor-widget elementor-widget-text-editor\" data-id=\"63259dda\" data-element_type=\"widget\" data-widget_type=\"text-editor.default\">\n\t\t\t\t<div class=\"elementor-widget-container\">\n\t\t\t\t\t\t\t<div class=\"t pg-1m0 pg-1x6 pg-1h8 pg-1yb pg-1ff2 pg-1fs5 pg-1fc0 pg-1sc0 pg-1ls0 pg-1ws0\">Visita guiada a la granja escuela de Ilund\u00e1in<\/div><div class=\"t pg-1m0 pg-1x6 pg-1h9 pg-1yc pg-1ff2 pg-1fs6 pg-1fc0 pg-1sc0 pg-1ls0 pg-1ws0\">\u00a0<\/div><div class=\"t pg-1m0 pg-1x6 pg-1h9 pg-1yc pg-1ff2 pg-1fs6 pg-1fc0 pg-1sc0 pg-1ls0 pg-1ws0\">Ni\u00f1os a partir de 6 a\u00f1os pueden ir solos, los m\u00e1s<\/div><div class=\"t pg-1m0 pg-1x6 pg-1h9 pg-1yd pg-1ff2 pg-1fs6 pg-1fc0 pg-1sc0 pg-1ls0 pg-1ws0\">peque\u00f1os deben ir acompa\u00f1ados por un adulto.<\/div><div class=\"t pg-1m0 pg-1x6 pg-1h8 pg-1ye pg-1ff2 pg-1fs5 pg-1fc0 pg-1sc0 pg-1ls0 pg-1ws0\">Precio 6,50\u20ac\/persona<\/div><div class=\"t pg-1m0 pg-1x6 pg-1h8 pg-1ye pg-1ff2 pg-1fs5 pg-1fc0 pg-1sc0 pg-1ls0 pg-1ws0\">\u00a0<\/div><div class=\"t pg-1m0 pg-1x6 pg-1h8 pg-1ye pg-1ff2 pg-1fs5 pg-1fc0 pg-1sc0 pg-1ls0 pg-1ws0\">Mientras tanto, los adultos pueden dar un paseo por las inmediaciones.<\/div>\t\t\t\t\t\t<\/div>\n\t\t\t\t<\/div>\n\t\t\t\t\t<\/div>\n\t\t<\/div>\n\t\t\t\t<div class=\"elementor-column elementor-col-50 elementor-top-column elementor-element elementor-element-7e591567\" data-id=\"7e591567\" data-element_type=\"column\">\n\t\t\t<div class=\"elementor-widget-wrap elementor-element-populated\">\n\t\t\t\t\t\t\t\t<div class=\"elementor-element elementor-element-2b89307d elementor-widget elementor-widget-image\" data-id=\"2b89307d\" data-element_type=\"widget\" data-widget_type=\"image.default\">\n\t\t\t\t<div class=\"elementor-widget-container\">\n\t\t\t\t\t\t\t\t\t\t\t\t\t\t\t<img loading=\"lazy\" decoding=\"async\" width=\"985\" height=\"739\" src=\"https:\/\/sociedadhispanoalemana.com\/wp-content\/uploads\/2022\/05\/IMG_20190527_112023.jpg\" class=\"attachment-large size-large wp-image-3451\" alt=\"\" srcset=\"https:\/\/sociedadhispanoalemana.com\/wp-content\/uploads\/2022\/05\/IMG_20190527_112023.jpg 985w, https:\/\/sociedadhispanoalemana.com\/wp-content\/uploads\/2022\/05\/IMG_20190527_112023-300x225.jpg 300w, https:\/\/sociedadhispanoalemana.com\/wp-content\/uploads\/2022\/05\/IMG_20190527_112023-768x576.jpg 768w, https:\/\/sociedadhispanoalemana.com\/wp-content\/uploads\/2022\/05\/IMG_20190527_112023-16x12.jpg 16w\" sizes=\"auto, (max-width: 985px) 100vw, 985px\" \/>\t\t\t\t\t\t\t\t\t\t\t\t\t\t\t<\/div>\n\t\t\t\t<\/div>\n\t\t\t\t\t<\/div>\n\t\t<\/div>\n\t\t\t\t\t\t\t<\/div>\n\t\t<\/section>\n\t\t\t\t<section class=\"elementor-section elementor-top-section elementor-element elementor-element-43b33587 elementor-section-boxed elementor-section-height-default elementor-section-height-default\" data-id=\"43b33587\" data-element_type=\"section\">\n\t\t\t\t\t\t<div class=\"elementor-container elementor-column-gap-no\">\n\t\t\t\t\t<div class=\"elementor-column elementor-col-50 elementor-top-column elementor-element elementor-element-4732b09a\" data-id=\"4732b09a\" data-element_type=\"column\">\n\t\t\t<div class=\"elementor-widget-wrap elementor-element-populated\">\n\t\t\t\t\t\t\t\t<div class=\"elementor-element elementor-element-2c12937 elementor-widget elementor-widget-image\" data-id=\"2c12937\" data-element_type=\"widget\" data-widget_type=\"image.default\">\n\t\t\t\t<div class=\"elementor-widget-container\">\n\t\t\t\t\t\t\t\t\t\t\t\t\t\t\t<img decoding=\"async\" src=\"https:\/\/sociedadhispanoalemana.com\/wp-content\/uploads\/2020\/04\/snowy-mountain-1287145.jpg\" title=\"\" alt=\"\" loading=\"lazy\" \/>\t\t\t\t\t\t\t\t\t\t\t\t\t\t\t<\/div>\n\t\t\t\t<\/div>\n\t\t\t\t<div class=\"elementor-element elementor-element-f0c0be6 elementor-widget elementor-widget-image\" data-id=\"f0c0be6\" data-element_type=\"widget\" data-widget_type=\"image.default\">\n\t\t\t\t<div class=\"elementor-widget-container\">\n\t\t\t\t\t\t\t\t\t\t\t\t\t\t\t<img loading=\"lazy\" decoding=\"async\" width=\"1024\" height=\"733\" src=\"https:\/\/sociedadhispanoalemana.com\/wp-content\/uploads\/2022\/05\/schwaebischer_kartoffelsalat_2-12-1024x733.jpg\" class=\"attachment-large size-large wp-image-3430\" alt=\"\" srcset=\"https:\/\/sociedadhispanoalemana.com\/wp-content\/uploads\/2022\/05\/schwaebischer_kartoffelsalat_2-12-1024x733.jpg 1024w, https:\/\/sociedadhispanoalemana.com\/wp-content\/uploads\/2022\/05\/schwaebischer_kartoffelsalat_2-12-300x215.jpg 300w, https:\/\/sociedadhispanoalemana.com\/wp-content\/uploads\/2022\/05\/schwaebischer_kartoffelsalat_2-12-768x550.jpg 768w, https:\/\/sociedadhispanoalemana.com\/wp-content\/uploads\/2022\/05\/schwaebischer_kartoffelsalat_2-12-1536x1100.jpg 1536w, https:\/\/sociedadhispanoalemana.com\/wp-content\/uploads\/2022\/05\/schwaebischer_kartoffelsalat_2-12-2048x1467.jpg 2048w, https:\/\/sociedadhispanoalemana.com\/wp-content\/uploads\/2022\/05\/schwaebischer_kartoffelsalat_2-12-16x12.jpg 16w\" sizes=\"auto, (max-width: 1024px) 100vw, 1024px\" \/>\t\t\t\t\t\t\t\t\t\t\t\t\t\t\t<\/div>\n\t\t\t\t<\/div>\n\t\t\t\t\t<\/div>\n\t\t<\/div>\n\t\t\t\t<div class=\"elementor-column elementor-col-50 elementor-top-column elementor-element elementor-element-2ebcc7ce\" data-id=\"2ebcc7ce\" data-element_type=\"column\">\n\t\t\t<div class=\"elementor-widget-wrap elementor-element-populated\">\n\t\t\t\t\t\t\t\t<div class=\"elementor-element elementor-element-7abe4326 elementor-widget elementor-widget-heading\" data-id=\"7abe4326\" data-element_type=\"widget\" data-widget_type=\"heading.default\">\n\t\t\t\t<div class=\"elementor-widget-container\">\n\t\t\t<h2 class=\"elementor-heading-title elementor-size-default\"><b>Picnic familiar en las instalaciones de la granja 13:30 horas<\/b><\/h2>\t\t<\/div>\n\t\t\t\t<\/div>\n\t\t\t\t<div class=\"elementor-element elementor-element-7e85a188 elementor-widget elementor-widget-text-editor\" data-id=\"7e85a188\" data-element_type=\"widget\" data-widget_type=\"text-editor.default\">\n\t\t\t\t<div class=\"elementor-widget-container\">\n\t\t\t\t\t\t\t<div class=\"t pg-1m0 pg-1xb pg-1hc pg-1y12 pg-1ff6 pg-1fs8 pg-1fc0 pg-1sc0 pg-1ls0 pg-1ws0\">Despu\u00e9s de la visita, para el quiera apuntarse, organizamos un Picnic\u00a0 alem\u00e1n.\u00a0<\/div><div class=\"t pg-1m0 pg-1xc pg-1hd pg-1y13 pg-1ff7 pg-1fs5 pg-1fc0 pg-1sc0 pg-1ls0 pg-1ws0\">(Picnic consiste de 2 salchichas Viena y surtido de ensaladas alemanas, agua incluida, posibilidad de comprar otras bebidas)<\/div><div class=\"t pg-1m0 pg-1xd pg-1hc pg-1y14 pg-1ff6 pg-1fs8 pg-1fc0 pg-1sc0 pg-1ls0 pg-1ws0\">Precio: Socios 4\u20ac, no socios 6\u20ac por persona o ni\u00f1o<\/div>\t\t\t\t\t\t<\/div>\n\t\t\t\t<\/div>\n\t\t\t\t\t<\/div>\n\t\t<\/div>\n\t\t\t\t\t\t\t<\/div>\n\t\t<\/section>\n\t\t\t\t<section class=\"elementor-section elementor-top-section elementor-element elementor-element-6c33c36 elementor-section-boxed elementor-section-height-default elementor-section-height-default\" data-id=\"6c33c36\" data-element_type=\"section\">\n\t\t\t\t\t\t<div class=\"elementor-container elementor-column-gap-default\">\n\t\t\t\t\t<div class=\"elementor-column elementor-col-16 elementor-top-column elementor-element elementor-element-f597b65\" data-id=\"f597b65\" data-element_type=\"column\">\n\t\t\t<div class=\"elementor-widget-wrap elementor-element-populated\">\n\t\t\t\t\t\t\t\t<div class=\"elementor-element elementor-element-4201998 elementor-widget elementor-widget-spacer\" data-id=\"4201998\" data-element_type=\"widget\" data-widget_type=\"spacer.default\">\n\t\t\t\t<div class=\"elementor-widget-container\">\n\t\t\t\t\t<div class=\"elementor-spacer\">\n\t\t\t<div class=\"elementor-spacer-inner\"><\/div>\n\t\t<\/div>\n\t\t\t\t<\/div>\n\t\t\t\t<\/div>\n\t\t\t\t\t<\/div>\n\t\t<\/div>\n\t\t\t\t<div class=\"elementor-column elementor-col-66 elementor-top-column elementor-element elementor-element-9e819c0\" data-id=\"9e819c0\" data-element_type=\"column\">\n\t\t\t<div class=\"elementor-widget-wrap elementor-element-populated\">\n\t\t\t\t\t\t\t\t<div class=\"elementor-element elementor-element-371d1e8 elementor-widget elementor-widget-image\" data-id=\"371d1e8\" data-element_type=\"widget\" data-widget_type=\"image.default\">\n\t\t\t\t<div class=\"elementor-widget-container\">\n\t\t\t\t\t\t\t\t\t\t\t\t\t\t\t<img loading=\"lazy\" decoding=\"async\" width=\"746\" height=\"410\" src=\"https:\/\/sociedadhispanoalemana.com\/wp-content\/uploads\/2022\/05\/granja-escuela.jpg\" class=\"attachment-large size-large wp-image-3455\" alt=\"\" srcset=\"https:\/\/sociedadhispanoalemana.com\/wp-content\/uploads\/2022\/05\/granja-escuela.jpg 746w, https:\/\/sociedadhispanoalemana.com\/wp-content\/uploads\/2022\/05\/granja-escuela-300x165.jpg 300w, https:\/\/sociedadhispanoalemana.com\/wp-content\/uploads\/2022\/05\/granja-escuela-16x9.jpg 16w\" sizes=\"auto, (max-width: 746px) 100vw, 746px\" \/>\t\t\t\t\t\t\t\t\t\t\t\t\t\t\t<\/div>\n\t\t\t\t<\/div>\n\t\t\t\t\t<\/div>\n\t\t<\/div>\n\t\t\t\t<div class=\"elementor-column elementor-col-16 elementor-top-column elementor-element elementor-element-3b6db2a\" data-id=\"3b6db2a\" data-element_type=\"column\">\n\t\t\t<div class=\"elementor-widget-wrap elementor-element-populated\">\n\t\t\t\t\t\t\t\t<div class=\"elementor-element elementor-element-cb0877c elementor-widget elementor-widget-spacer\" data-id=\"cb0877c\" data-element_type=\"widget\" data-widget_type=\"spacer.default\">\n\t\t\t\t<div class=\"elementor-widget-container\">\n\t\t\t\t\t<div class=\"elementor-spacer\">\n\t\t\t<div class=\"elementor-spacer-inner\"><\/div>\n\t\t<\/div>\n\t\t\t\t<\/div>\n\t\t\t\t<\/div>\n\t\t\t\t\t<\/div>\n\t\t<\/div>\n\t\t\t\t\t\t\t<\/div>\n\t\t<\/section>\n\t\t\t\t\t\t\t<\/div>","protected":false},"excerpt":{"rendered":"<p>EXCURSI\u00d3N GRANJA ILUNDAIN En colaboraci\u00f3n con la apyma del colegio paderborn: Visita guiada a la granja ilundain domingo 12 de junio Para los ni\u00f1@s Visita guiada a la granja escuela [&hellip;]<\/p>","protected":false},"author":1,"featured_media":0,"parent":0,"menu_order":0,"comment_status":"closed","ping_status":"closed","template":"elementor_header_footer","meta":{"_seopress_robots_primary_cat":"","site-sidebar-layout":"no-sidebar","site-content-layout":"page-builder","ast-site-content-layout":"","site-content-style":"default","site-sidebar-style":"default","ast-global-header-display":"","ast-banner-title-visibility":"","ast-main-header-display":"","ast-hfb-above-header-display":"","ast-hfb-below-header-display":"","ast-hfb-mobile-header-display":"","site-post-title":"disabled","ast-breadcrumbs-content":"","ast-featured-img":"disabled","footer-sml-layout":"","theme-transparent-header-meta":"default","adv-header-id-meta":"","stick-header-meta":"","header-above-stick-meta":"","header-main-stick-meta":"","header-below-stick-meta":"","astra-migrate-meta-layouts":"default","ast-page-background-enabled":"default","ast-page-background-meta":{"desktop":{"background-color":"","background-image":"","background-repeat":"repeat","background-position":"center center","background-size":"auto","background-attachment":"scroll","background-type":"","background-media":"","overlay-type":"","overlay-color":"","overlay-opacity":"","overlay-gradient":""},"tablet":{"background-color":"","background-image":"","background-repeat":"repeat","background-position":"center center","background-size":"auto","background-attachment":"scroll","background-type":"","background-media":"","overlay-type":"","overlay-color":"","overlay-opacity":"","overlay-gradient":""},"mobile":{"background-color":"","background-image":"","background-repeat":"repeat","background-position":"center center","background-size":"auto","background-attachment":"scroll","background-type":"","background-media":"","overlay-type":"","overlay-color":"","overlay-opacity":"","overlay-gradient":""}},"ast-content-background-meta":{"desktop":{"background-color":"var(--ast-global-color-5)","background-image":"","background-repeat":"repeat","background-position":"center center","background-size":"auto","background-attachment":"scroll","background-type":"","background-media":"","overlay-type":"","overlay-color":"","overlay-opacity":"","overlay-gradient":""},"tablet":{"background-color":"var(--ast-global-color-5)","background-image":"","background-repeat":"repeat","background-position":"center center","background-size":"auto","background-attachment":"scroll","background-type":"","background-media":"","overlay-type":"","overlay-color":"","overlay-opacity":"","overlay-gradient":""},"mobile":{"background-color":"var(--ast-global-color-5)","background-image":"","background-repeat":"repeat","background-position":"center center","background-size":"auto","background-attachment":"scroll","background-type":"","background-media":"","overlay-type":"","overlay-color":"","overlay-opacity":"","overlay-gradient":""}},"footnotes":""},"class_list":["post-3447","page","type-page","status-publish","hentry"],"jetpack_sharing_enabled":true,"_links":{"self":[{"href":"https:\/\/sociedadhispanoalemana.com\/de\/wp-json\/wp\/v2\/pages\/3447","targetHints":{"allow":["GET"]}}],"collection":[{"href":"https:\/\/sociedadhispanoalemana.com\/de\/wp-json\/wp\/v2\/pages"}],"about":[{"href":"https:\/\/sociedadhispanoalemana.com\/de\/wp-json\/wp\/v2\/types\/page"}],"author":[{"embeddable":true,"href":"https:\/\/sociedadhispanoalemana.com\/de\/wp-json\/wp\/v2\/users\/1"}],"replies":[{"embeddable":true,"href":"https:\/\/sociedadhispanoalemana.com\/de\/wp-json\/wp\/v2\/comments?post=3447"}],"version-history":[{"count":10,"href":"https:\/\/sociedadhispanoalemana.com\/de\/wp-json\/wp\/v2\/pages\/3447\/revisions"}],"predecessor-version":[{"id":4728,"href":"https:\/\/sociedadhispanoalemana.com\/de\/wp-json\/wp\/v2\/pages\/3447\/revisions\/4728"}],"wp:attachment":[{"href":"https:\/\/sociedadhispanoalemana.com\/de\/wp-json\/wp\/v2\/media?parent=3447"}],"curies":[{"name":"wp","href":"https:\/\/api.w.org\/{rel}","templated":true}]}}