{"id":4631,"date":"2025-04-03T14:33:42","date_gmt":"2025-04-03T14:33:42","guid":{"rendered":"https:\/\/sociedadhispanoalemana.com\/?page_id=4631"},"modified":"2025-04-03T14:37:45","modified_gmt":"2025-04-03T14:37:45","slug":"ciclo-de-cine-aleman-2020","status":"publish","type":"page","link":"https:\/\/sociedadhispanoalemana.com\/de\/ciclo-de-cine-aleman-2020","title":{"rendered":"Ciclo de cine alem\u00e1n 2020"},"content":{"rendered":"<div data-elementor-type=\"wp-page\" data-elementor-id=\"4631\" class=\"elementor elementor-4631\" data-elementor-post-type=\"page\">\n\t\t\t\t\t\t\t\t\t<section class=\"elementor-section elementor-top-section elementor-element elementor-element-1f5ee49 elementor-section-boxed elementor-section-height-default elementor-section-height-default\" data-id=\"1f5ee49\" data-element_type=\"section\">\n\t\t\t\t\t\t<div class=\"elementor-container elementor-column-gap-default\">\n\t\t\t\t\t<div class=\"elementor-column elementor-col-100 elementor-top-column elementor-element elementor-element-1f0c460\" data-id=\"1f0c460\" data-element_type=\"column\">\n\t\t\t<div class=\"elementor-widget-wrap elementor-element-populated\">\n\t\t\t\t\t\t\t\t<div class=\"elementor-element elementor-element-1ee4aa6 elementor-widget elementor-widget-heading\" data-id=\"1ee4aa6\" data-element_type=\"widget\" data-widget_type=\"heading.default\">\n\t\t\t\t<div class=\"elementor-widget-container\">\n\t\t\t<h2 class=\"elementor-heading-title elementor-size-default\"><b>Ciclo de cine alem\u00e1n 2020<\/b><\/h2>\t\t<\/div>\n\t\t\t\t<\/div>\n\t\t\t\t\t<\/div>\n\t\t<\/div>\n\t\t\t\t\t\t\t<\/div>\n\t\t<\/section>\n\t\t\t\t<section class=\"elementor-section elementor-top-section elementor-element elementor-element-138d82a elementor-section-boxed elementor-section-height-default elementor-section-height-default\" data-id=\"138d82a\" data-element_type=\"section\">\n\t\t\t\t\t\t<div class=\"elementor-container elementor-column-gap-default\">\n\t\t\t\t\t<div class=\"elementor-column elementor-col-25 elementor-top-column elementor-element elementor-element-58b3be2\" data-id=\"58b3be2\" data-element_type=\"column\">\n\t\t\t<div class=\"elementor-widget-wrap elementor-element-populated\">\n\t\t\t\t\t\t\t\t<div class=\"elementor-element elementor-element-2272a36 elementor-arrows-position-inside elementor-pagination-position-outside elementor-widget elementor-widget-image-carousel\" data-id=\"2272a36\" data-element_type=\"widget\" data-settings=\"{&quot;slides_to_show&quot;:&quot;1&quot;,&quot;navigation&quot;:&quot;both&quot;,&quot;autoplay&quot;:&quot;yes&quot;,&quot;pause_on_hover&quot;:&quot;yes&quot;,&quot;pause_on_interaction&quot;:&quot;yes&quot;,&quot;autoplay_speed&quot;:5000,&quot;infinite&quot;:&quot;yes&quot;,&quot;effect&quot;:&quot;slide&quot;,&quot;speed&quot;:500}\" data-widget_type=\"image-carousel.default\">\n\t\t\t\t<div class=\"elementor-widget-container\">\n\t\t\t\t\t<div class=\"elementor-image-carousel-wrapper swiper-container\" dir=\"ltr\">\n\t\t\t<div class=\"elementor-image-carousel swiper-wrapper\" aria-live=\"off\">\n\t\t\t\t\t\t\t\t<div class=\"swiper-slide\" role=\"group\" aria-roledescription=\"slide\" aria-label=\"1 of 2\"><figure class=\"swiper-slide-inner\"><img decoding=\"async\" class=\"swiper-slide-image\" src=\"https:\/\/sociedadhispanoalemana.com\/wp-content\/uploads\/2021\/01\/130808985_1078018732700458_6373389551493855682_n.jpg\" alt=\"REISE NACH JERUSALEM\" \/><\/figure><\/div><div class=\"swiper-slide\" role=\"group\" aria-roledescription=\"slide\" aria-label=\"2 of 2\"><figure class=\"swiper-slide-inner\"><img decoding=\"async\" class=\"swiper-slide-image\" src=\"https:\/\/sociedadhispanoalemana.com\/wp-content\/uploads\/2021\/01\/130696536_1078018739367124_6575807492818808232_o.jpg\" alt=\"CASTING\" \/><\/figure><\/div>\t\t\t<\/div>\n\t\t\t\t\t\t\t\t\t\t\t\t<div class=\"elementor-swiper-button elementor-swiper-button-prev\" role=\"button\" tabindex=\"0\">\n\t\t\t\t\t\t<i aria-hidden=\"true\" class=\"eicon-chevron-left\"><\/i>\t\t\t\t\t<\/div>\n\t\t\t\t\t<div class=\"elementor-swiper-button elementor-swiper-button-next\" role=\"button\" tabindex=\"0\">\n\t\t\t\t\t\t<i aria-hidden=\"true\" class=\"eicon-chevron-right\"><\/i>\t\t\t\t\t<\/div>\n\t\t\t\t\n\t\t\t\t\t\t\t\t\t<div class=\"swiper-pagination\"><\/div>\n\t\t\t\t\t\t\t\t\t<\/div>\n\t\t\t\t<\/div>\n\t\t\t\t<\/div>\n\t\t\t\t\t<\/div>\n\t\t<\/div>\n\t\t\t\t<div class=\"elementor-column elementor-col-50 elementor-top-column elementor-element elementor-element-2411b14\" data-id=\"2411b14\" data-element_type=\"column\">\n\t\t\t<div class=\"elementor-widget-wrap elementor-element-populated\">\n\t\t\t\t\t\t\t\t<div class=\"elementor-element elementor-element-459679b elementor-widget elementor-widget-text-editor\" data-id=\"459679b\" data-element_type=\"widget\" data-widget_type=\"text-editor.default\">\n\t\t\t\t<div class=\"elementor-widget-container\">\n\t\t\t\t\t\t\t<p>Como cada a\u00f1o disfrutamos del ciclo de cine en alem\u00e1n con subt\u00edtulos en castellano. En esta ocasi\u00f3n en los\u00a0<b>CINES GOLEM BAIONA.<\/b><\/p><p class=\" translation-block\">\u00abReise nach Jerusalem\u00bb 2018 de Lucia Chiarla: Alice est\u00e1 desempleada, ya no puede tolerar la desgracia de la vida cotidiana y se niega a llevarse bien con los requisitos del Centro de trabajo. Desafiante, ella se mantiene a flote con cupones de gasolina que obtiene de peque\u00f1os trabajos en institutos de investigaci\u00f3n de mercado y trata de encontrar el hilo de su vida a trav\u00e9s de este intercambio absurdo.<\/p><p class=\" translation-block\">\u201cCasting\u201d, 2017, von Nicolas Wackerbarth: F\u00fcr Regisseurin Vera geht ein Traum in Erf\u00fcllung: Sie wird ihren ersten Fernsehfilm inszenieren, und dann ist es auch noch ein Remake des Fassbinder-Klassikers \u201eDie bitteren Tr\u00e4nen der Petra Kant\u201c. Kurz vor Drehbeginn fehlt Perfektionistin Vera aber trotz zahlreicher Castings immer noch die Hauptdarstellerin und so langsam ger\u00e4t die restliche Crew in Panik (FILMAFFINITY)<\/p>\t\t\t\t\t\t<\/div>\n\t\t\t\t<\/div>\n\t\t\t\t\t<\/div>\n\t\t<\/div>\n\t\t\t\t<div class=\"elementor-column elementor-col-25 elementor-top-column elementor-element elementor-element-dd2b83d\" data-id=\"dd2b83d\" data-element_type=\"column\">\n\t\t\t<div class=\"elementor-widget-wrap elementor-element-populated\">\n\t\t\t\t\t\t\t\t<div class=\"elementor-element elementor-element-7d46f6d elementor-widget elementor-widget-image\" data-id=\"7d46f6d\" data-element_type=\"widget\" data-widget_type=\"image.default\">\n\t\t\t\t<div class=\"elementor-widget-container\">\n\t\t\t\t\t\t\t\t\t\t\t\t\t\t\t<img loading=\"lazy\" decoding=\"async\" width=\"9\" height=\"12\" src=\"https:\/\/sociedadhispanoalemana.com\/wp-content\/uploads\/2021\/01\/130909517_1078018769367121_6236936430426272840_o.jpg\" class=\"attachment-trp-custom-language-flag size-trp-custom-language-flag wp-image-612\" alt=\"\" srcset=\"https:\/\/sociedadhispanoalemana.com\/wp-content\/uploads\/2021\/01\/130909517_1078018769367121_6236936430426272840_o.jpg 1536w, https:\/\/sociedadhispanoalemana.com\/wp-content\/uploads\/2021\/01\/130909517_1078018769367121_6236936430426272840_o-225x300.jpg 225w, https:\/\/sociedadhispanoalemana.com\/wp-content\/uploads\/2021\/01\/130909517_1078018769367121_6236936430426272840_o-768x1024.jpg 768w, https:\/\/sociedadhispanoalemana.com\/wp-content\/uploads\/2021\/01\/130909517_1078018769367121_6236936430426272840_o-1152x1536.jpg 1152w\" sizes=\"auto, (max-width: 9px) 100vw, 9px\" \/>\t\t\t\t\t\t\t\t\t\t\t\t\t\t\t<\/div>\n\t\t\t\t<\/div>\n\t\t\t\t\t<\/div>\n\t\t<\/div>\n\t\t\t\t\t\t\t<\/div>\n\t\t<\/section>\n\t\t\t\t\t\t\t<\/div>","protected":false},"excerpt":{"rendered":"<p>Ciclo de cine alem\u00e1n 2020 Como cada a\u00f1o disfrutamos del ciclo de cine en alem\u00e1n con subt\u00edtulos en castellano. En esta ocasi\u00f3n en los\u00a0CINES GOLEM BAIONA. \u00abReise nach Jerusalem\u00bb 2018 [&hellip;]<\/p>","protected":false},"author":1,"featured_media":0,"parent":0,"menu_order":0,"comment_status":"closed","ping_status":"closed","template":"","meta":{"_seopress_robots_primary_cat":"","site-sidebar-layout":"no-sidebar","site-content-layout":"page-builder","ast-site-content-layout":"full-width-container","site-content-style":"default","site-sidebar-style":"default","ast-global-header-display":"","ast-banner-title-visibility":"","ast-main-header-display":"","ast-hfb-above-header-display":"","ast-hfb-below-header-display":"","ast-hfb-mobile-header-display":"","site-post-title":"disabled","ast-breadcrumbs-content":"","ast-featured-img":"disabled","footer-sml-layout":"","theme-transparent-header-meta":"","adv-header-id-meta":"","stick-header-meta":"","header-above-stick-meta":"","header-main-stick-meta":"","header-below-stick-meta":"","astra-migrate-meta-layouts":"set","ast-page-background-enabled":"default","ast-page-background-meta":{"desktop":{"background-color":"","background-image":"","background-repeat":"repeat","background-position":"center center","background-size":"auto","background-attachment":"scroll","background-type":"","background-media":"","overlay-type":"","overlay-color":"","overlay-opacity":"","overlay-gradient":""},"tablet":{"background-color":"","background-image":"","background-repeat":"repeat","background-position":"center center","background-size":"auto","background-attachment":"scroll","background-type":"","background-media":"","overlay-type":"","overlay-color":"","overlay-opacity":"","overlay-gradient":""},"mobile":{"background-color":"","background-image":"","background-repeat":"repeat","background-position":"center center","background-size":"auto","background-attachment":"scroll","background-type":"","background-media":"","overlay-type":"","overlay-color":"","overlay-opacity":"","overlay-gradient":""}},"ast-content-background-meta":{"desktop":{"background-color":"var(--ast-global-color-5)","background-image":"","background-repeat":"repeat","background-position":"center center","background-size":"auto","background-attachment":"scroll","background-type":"","background-media":"","overlay-type":"","overlay-color":"","overlay-opacity":"","overlay-gradient":""},"tablet":{"background-color":"var(--ast-global-color-5)","background-image":"","background-repeat":"repeat","background-position":"center center","background-size":"auto","background-attachment":"scroll","background-type":"","background-media":"","overlay-type":"","overlay-color":"","overlay-opacity":"","overlay-gradient":""},"mobile":{"background-color":"var(--ast-global-color-5)","background-image":"","background-repeat":"repeat","background-position":"center center","background-size":"auto","background-attachment":"scroll","background-type":"","background-media":"","overlay-type":"","overlay-color":"","overlay-opacity":"","overlay-gradient":""}},"footnotes":""},"class_list":["post-4631","page","type-page","status-publish","hentry"],"jetpack_sharing_enabled":true,"_links":{"self":[{"href":"https:\/\/sociedadhispanoalemana.com\/de\/wp-json\/wp\/v2\/pages\/4631","targetHints":{"allow":["GET"]}}],"collection":[{"href":"https:\/\/sociedadhispanoalemana.com\/de\/wp-json\/wp\/v2\/pages"}],"about":[{"href":"https:\/\/sociedadhispanoalemana.com\/de\/wp-json\/wp\/v2\/types\/page"}],"author":[{"embeddable":true,"href":"https:\/\/sociedadhispanoalemana.com\/de\/wp-json\/wp\/v2\/users\/1"}],"replies":[{"embeddable":true,"href":"https:\/\/sociedadhispanoalemana.com\/de\/wp-json\/wp\/v2\/comments?post=4631"}],"version-history":[{"count":4,"href":"https:\/\/sociedadhispanoalemana.com\/de\/wp-json\/wp\/v2\/pages\/4631\/revisions"}],"predecessor-version":[{"id":4637,"href":"https:\/\/sociedadhispanoalemana.com\/de\/wp-json\/wp\/v2\/pages\/4631\/revisions\/4637"}],"wp:attachment":[{"href":"https:\/\/sociedadhispanoalemana.com\/de\/wp-json\/wp\/v2\/media?parent=4631"}],"curies":[{"name":"wp","href":"https:\/\/api.w.org\/{rel}","templated":true}]}}