{"id":4826,"date":"2025-04-05T11:00:06","date_gmt":"2025-04-05T11:00:06","guid":{"rendered":"https:\/\/sociedadhispanoalemana.com\/?page_id=4826"},"modified":"2025-04-12T16:06:53","modified_gmt":"2025-04-12T16:06:53","slug":"paula-prieto-vocal","status":"publish","type":"page","link":"https:\/\/sociedadhispanoalemana.com\/de\/paula-prieto-vocal","title":{"rendered":"Paula prieto, Vocal"},"content":{"rendered":"<div data-elementor-type=\"wp-page\" data-elementor-id=\"4826\" class=\"elementor elementor-4826\" data-elementor-post-type=\"page\">\n\t\t\t\t\t\t\t\t\t<section class=\"elementor-section elementor-top-section elementor-element elementor-element-f7ff74f elementor-section-boxed elementor-section-height-default elementor-section-height-default\" data-id=\"f7ff74f\" data-element_type=\"section\">\n\t\t\t\t\t\t<div class=\"elementor-container elementor-column-gap-default\">\n\t\t\t\t\t<div class=\"elementor-column elementor-col-100 elementor-top-column elementor-element elementor-element-792a61e\" data-id=\"792a61e\" data-element_type=\"column\">\n\t\t\t<div class=\"elementor-widget-wrap elementor-element-populated\">\n\t\t\t\t\t\t\t\t<div class=\"elementor-element elementor-element-9fa993f elementor-widget elementor-widget-heading\" data-id=\"9fa993f\" data-element_type=\"widget\" data-widget_type=\"heading.default\">\n\t\t\t\t<div class=\"elementor-widget-container\">\n\t\t\t<h2 class=\"elementor-heading-title elementor-size-default\"><b>Paula Prieto, Vocal<\/b><\/h2>\t\t<\/div>\n\t\t\t\t<\/div>\n\t\t\t\t\t<\/div>\n\t\t<\/div>\n\t\t\t\t\t\t\t<\/div>\n\t\t<\/section>\n\t\t\t\t<section class=\"elementor-section elementor-top-section elementor-element elementor-element-9aa0f4e elementor-section-boxed elementor-section-height-default elementor-section-height-default\" data-id=\"9aa0f4e\" data-element_type=\"section\">\n\t\t\t\t\t\t<div class=\"elementor-container elementor-column-gap-default\">\n\t\t\t\t\t<div class=\"elementor-column elementor-col-50 elementor-top-column elementor-element elementor-element-689396c\" data-id=\"689396c\" data-element_type=\"column\">\n\t\t\t<div class=\"elementor-widget-wrap elementor-element-populated\">\n\t\t\t\t\t\t\t\t<div class=\"elementor-element elementor-element-b399275 elementor-widget elementor-widget-text-editor\" data-id=\"b399275\" data-element_type=\"widget\" data-widget_type=\"text-editor.default\">\n\t\t\t\t<div class=\"elementor-widget-container\">\n\t\t\t\t\t\t\t<p>Es un honor formar parte de la junta de la Sociedad Hispano-Alemana. Esta comunidad representa un valioso puente entre ambas culturas, promoviendo el intercambio, el aprendizaje y la cooperaci\u00f3n. Desde mi papel como vocal espero contribuir al fortalecimiento de estos lazos y al desarrollo de iniciativas que enriquezcan nuestra comunidad. Agradezco la confianza y espero trabajar juntos para seguir impulsando nuestra misi\u00f3n.<\/p><p>\u00ab<b>Ich komme von dort, wo die Fl\u00fcsse flie\u00dfen und ins Meer m\u00fcnden, Dort wo die Br\u00fccken auf die Verbr\u00fcderung zusammenlaufen<\/b>.\u00bb<\/p>\t\t\t\t\t\t<\/div>\n\t\t\t\t<\/div>\n\t\t\t\t\t<\/div>\n\t\t<\/div>\n\t\t\t\t<div class=\"elementor-column elementor-col-25 elementor-top-column elementor-element elementor-element-2e79364\" data-id=\"2e79364\" data-element_type=\"column\">\n\t\t\t<div class=\"elementor-widget-wrap elementor-element-populated\">\n\t\t\t\t\t\t\t\t<div class=\"elementor-element elementor-element-e248c1b elementor-widget elementor-widget-image\" data-id=\"e248c1b\" data-element_type=\"widget\" data-widget_type=\"image.default\">\n\t\t\t\t<div class=\"elementor-widget-container\">\n\t\t\t\t\t\t\t\t\t\t\t\t\t\t\t<img loading=\"lazy\" decoding=\"async\" width=\"932\" height=\"1024\" src=\"https:\/\/sociedadhispanoalemana.com\/wp-content\/uploads\/2025\/04\/Imagen-de-WhatsApp-2025-03-30-a-las-12.14.33_30d3b7a3-7-932x1024.jpg\" class=\"attachment-large size-large wp-image-4411\" alt=\"\" srcset=\"https:\/\/sociedadhispanoalemana.com\/wp-content\/uploads\/2025\/04\/Imagen-de-WhatsApp-2025-03-30-a-las-12.14.33_30d3b7a3-7-932x1024.jpg 932w, https:\/\/sociedadhispanoalemana.com\/wp-content\/uploads\/2025\/04\/Imagen-de-WhatsApp-2025-03-30-a-las-12.14.33_30d3b7a3-7-273x300.jpg 273w, https:\/\/sociedadhispanoalemana.com\/wp-content\/uploads\/2025\/04\/Imagen-de-WhatsApp-2025-03-30-a-las-12.14.33_30d3b7a3-7-768x843.jpg 768w, https:\/\/sociedadhispanoalemana.com\/wp-content\/uploads\/2025\/04\/Imagen-de-WhatsApp-2025-03-30-a-las-12.14.33_30d3b7a3-7-11x12.jpg 11w, https:\/\/sociedadhispanoalemana.com\/wp-content\/uploads\/2025\/04\/Imagen-de-WhatsApp-2025-03-30-a-las-12.14.33_30d3b7a3-7.jpg 977w\" sizes=\"auto, (max-width: 932px) 100vw, 932px\" \/>\t\t\t\t\t\t\t\t\t\t\t\t\t\t\t<\/div>\n\t\t\t\t<\/div>\n\t\t\t\t\t<\/div>\n\t\t<\/div>\n\t\t\t\t<div class=\"elementor-column elementor-col-25 elementor-top-column elementor-element elementor-element-198a900\" data-id=\"198a900\" data-element_type=\"column\">\n\t\t\t<div class=\"elementor-widget-wrap elementor-element-populated\">\n\t\t\t\t\t\t\t\t<div class=\"elementor-element elementor-element-c9e18d9 elementor-widget elementor-widget-spacer\" data-id=\"c9e18d9\" data-element_type=\"widget\" data-widget_type=\"spacer.default\">\n\t\t\t\t<div class=\"elementor-widget-container\">\n\t\t\t\t\t<div class=\"elementor-spacer\">\n\t\t\t<div class=\"elementor-spacer-inner\"><\/div>\n\t\t<\/div>\n\t\t\t\t<\/div>\n\t\t\t\t<\/div>\n\t\t\t\t\t<\/div>\n\t\t<\/div>\n\t\t\t\t\t\t\t<\/div>\n\t\t<\/section>\n\t\t\t\t\t\t\t<\/div>","protected":false},"excerpt":{"rendered":"<p>Paula Prieto, Vocal Es un honor formar parte de la junta de la Sociedad Hispano-Alemana. Esta comunidad representa un valioso puente entre ambas culturas, promoviendo el intercambio, el aprendizaje y [&hellip;]<\/p>","protected":false},"author":1,"featured_media":0,"parent":0,"menu_order":0,"comment_status":"closed","ping_status":"closed","template":"","meta":{"_seopress_robots_primary_cat":"","site-sidebar-layout":"no-sidebar","site-content-layout":"page-builder","ast-site-content-layout":"full-width-container","site-content-style":"default","site-sidebar-style":"default","ast-global-header-display":"","ast-banner-title-visibility":"","ast-main-header-display":"","ast-hfb-above-header-display":"","ast-hfb-below-header-display":"","ast-hfb-mobile-header-display":"","site-post-title":"disabled","ast-breadcrumbs-content":"","ast-featured-img":"disabled","footer-sml-layout":"","theme-transparent-header-meta":"","adv-header-id-meta":"","stick-header-meta":"","header-above-stick-meta":"","header-main-stick-meta":"","header-below-stick-meta":"","astra-migrate-meta-layouts":"set","ast-page-background-enabled":"default","ast-page-background-meta":{"desktop":{"background-color":"","background-image":"","background-repeat":"repeat","background-position":"center center","background-size":"auto","background-attachment":"scroll","background-type":"","background-media":"","overlay-type":"","overlay-color":"","overlay-opacity":"","overlay-gradient":""},"tablet":{"background-color":"","background-image":"","background-repeat":"repeat","background-position":"center center","background-size":"auto","background-attachment":"scroll","background-type":"","background-media":"","overlay-type":"","overlay-color":"","overlay-opacity":"","overlay-gradient":""},"mobile":{"background-color":"","background-image":"","background-repeat":"repeat","background-position":"center center","background-size":"auto","background-attachment":"scroll","background-type":"","background-media":"","overlay-type":"","overlay-color":"","overlay-opacity":"","overlay-gradient":""}},"ast-content-background-meta":{"desktop":{"background-color":"var(--ast-global-color-5)","background-image":"","background-repeat":"repeat","background-position":"center center","background-size":"auto","background-attachment":"scroll","background-type":"","background-media":"","overlay-type":"","overlay-color":"","overlay-opacity":"","overlay-gradient":""},"tablet":{"background-color":"var(--ast-global-color-5)","background-image":"","background-repeat":"repeat","background-position":"center center","background-size":"auto","background-attachment":"scroll","background-type":"","background-media":"","overlay-type":"","overlay-color":"","overlay-opacity":"","overlay-gradient":""},"mobile":{"background-color":"var(--ast-global-color-5)","background-image":"","background-repeat":"repeat","background-position":"center center","background-size":"auto","background-attachment":"scroll","background-type":"","background-media":"","overlay-type":"","overlay-color":"","overlay-opacity":"","overlay-gradient":""}},"footnotes":""},"class_list":["post-4826","page","type-page","status-publish","hentry"],"jetpack_sharing_enabled":true,"_links":{"self":[{"href":"https:\/\/sociedadhispanoalemana.com\/de\/wp-json\/wp\/v2\/pages\/4826","targetHints":{"allow":["GET"]}}],"collection":[{"href":"https:\/\/sociedadhispanoalemana.com\/de\/wp-json\/wp\/v2\/pages"}],"about":[{"href":"https:\/\/sociedadhispanoalemana.com\/de\/wp-json\/wp\/v2\/types\/page"}],"author":[{"embeddable":true,"href":"https:\/\/sociedadhispanoalemana.com\/de\/wp-json\/wp\/v2\/users\/1"}],"replies":[{"embeddable":true,"href":"https:\/\/sociedadhispanoalemana.com\/de\/wp-json\/wp\/v2\/comments?post=4826"}],"version-history":[{"count":7,"href":"https:\/\/sociedadhispanoalemana.com\/de\/wp-json\/wp\/v2\/pages\/4826\/revisions"}],"predecessor-version":[{"id":4929,"href":"https:\/\/sociedadhispanoalemana.com\/de\/wp-json\/wp\/v2\/pages\/4826\/revisions\/4929"}],"wp:attachment":[{"href":"https:\/\/sociedadhispanoalemana.com\/de\/wp-json\/wp\/v2\/media?parent=4826"}],"curies":[{"name":"wp","href":"https:\/\/api.w.org\/{rel}","templated":true}]}}